{"id":193,"date":"2017-01-05T08:04:44","date_gmt":"2017-01-05T08:04:44","guid":{"rendered":"http:\/\/haus-valentine.at\/?page_id=193\/"},"modified":"2017-01-05T08:18:28","modified_gmt":"2017-01-05T08:18:28","slug":"apartmani","status":"publish","type":"page","link":"https:\/\/haus-valentine.at\/hr\/apartmani\/","title":{"rendered":"Apartmani"},"content":{"rendered":"<h1><strong>Apartmani<\/strong><\/h1>\n<p>Apartmani su novoizgra\u0111eni i luksuzno opremljeni kako bi Vam omogu\u0107ili ugodan boravak koji \u0107e zasigurno ostvariti sve Va\u0161e \u017eelje o odmoru iz snova.<\/p>\n<p><!--more--><\/p>\n<p>Nakon ugodnog boravka na svje\u017eem planinskom zraku, odmorite se u na\u0161im prostranim apartmanima, ugrijte uz moderan kamin na drva, skuhajte omiljeno jelo u moderno opremljenoj kuhinji, popite omiljeno pi\u0107e sa obitelji ili prijateljima, ili jednostavno opustite sva svoja osjetila u sauni i jacuzziju.<\/p>\n<\/div><div style=\"\" class=\"apartments-list expanded \"><section class=\"apartment-item expanded apartment-233\">\n\t\t\t\t\t\t<div class=\"content intro-paragraph site-skeleton\">\n\t\t\t\t\t\t\t<h1>Luksuzni apartman tip A (4+2)<\/h1>\r\n\n\t\t\t\t\t\t<\/div>\n\t\t\t\t\t\t<div class=\"page-break gallery\">\n\n\t\t\t\t\t\t\t<div class=\"page-break-image-container\">\n\t\t\t\t\t\t\t\t<img class=\"page-break-image\" src=\"https:\/\/haus-valentine.at\/wp-content\/themes\/hausvalentine\/images\/flachau_2.jpg\" alt=\"flachau background\">\n\t\t\t\t\t\t\t<\/div>\n\t\t\t\t\t\t\t\n\t\t\t\t\t\t\t<div class=\"page-break-content text-align-center\">\n\t\t\t\t\t\t\t\t<div data-instance-number=\"1\" \n\t\t\t\t\tclass=\"image-gallery  slider\" id=\"hausvalentine-gallery-1\" style=\"overflow:hidden;max-height:1024px\"><div class=\"image-gallery-slides\"><div class=\"image-gallery-slide overlay\"><img class=\"image-gallery-slide-img\" src=\"https:\/\/haus-valentine.at\/wp-content\/uploads\/2016\/12\/DSC_2775-1024x683.jpg\" title=\"DSC_2775\" alt=\"\" name=\"dsc_2775-2\"><\/div><div class=\"image-gallery-slide overlay\"><img class=\"image-gallery-slide-img\" src=\"https:\/\/haus-valentine.at\/wp-content\/uploads\/2016\/12\/DSC_2752-1024x684.jpg\" title=\"DSC_2752\" alt=\"\" name=\"dsc_2752-2\"><\/div><div class=\"image-gallery-slide overlay\"><img class=\"image-gallery-slide-img\" src=\"https:\/\/haus-valentine.at\/wp-content\/uploads\/2016\/12\/DSC_2763-1024x683.jpg\" title=\"DSC_2763\" alt=\"\" name=\"dsc_2763-2\"><\/div><div class=\"image-gallery-slide overlay\"><img class=\"image-gallery-slide-img\" src=\"https:\/\/haus-valentine.at\/wp-content\/uploads\/2016\/12\/DSC_2835-1024x683.jpg\" title=\"DSC_2835\" alt=\"\" name=\"dsc_2835-2\"><\/div><div class=\"image-gallery-slide overlay\"><img class=\"image-gallery-slide-img\" src=\"https:\/\/haus-valentine.at\/wp-content\/uploads\/2016\/12\/DSC_2841-693x1024.jpg\" title=\"DSC_2841\" alt=\"\" name=\"dsc_2841-2\"><\/div><div class=\"image-gallery-slide overlay\"><img class=\"image-gallery-slide-img\" src=\"https:\/\/haus-valentine.at\/wp-content\/uploads\/2016\/12\/DSC_2825-1024x684.jpg\" title=\"DSC_2825\" alt=\"\" name=\"dsc_2825-2\"><\/div><div class=\"image-gallery-slide overlay\"><img class=\"image-gallery-slide-img\" src=\"https:\/\/haus-valentine.at\/wp-content\/uploads\/2016\/12\/DSC_2818-684x1024.jpg\" title=\"DSC_2818\" alt=\"\" name=\"dsc_2818-2\"><\/div><div class=\"image-gallery-slide overlay\"><img class=\"image-gallery-slide-img\" src=\"https:\/\/haus-valentine.at\/wp-content\/uploads\/2016\/12\/DSC_2740-684x1024.jpg\" title=\"DSC_2740\" alt=\"\" name=\"dsc_2740-2\"><\/div><div class=\"image-gallery-slide overlay\"><img class=\"image-gallery-slide-img\" src=\"https:\/\/haus-valentine.at\/wp-content\/uploads\/2016\/12\/DSC_2622-1024x683.jpg\" title=\"DSC_2622\" alt=\"\" name=\"dsc_2622-2\"><\/div><div class=\"image-gallery-slide overlay\"><img class=\"image-gallery-slide-img\" src=\"https:\/\/haus-valentine.at\/wp-content\/uploads\/2016\/12\/DSC_2654-1024x683.jpg\" title=\"DSC_2654\" alt=\"\" name=\"dsc_2654-2\"><\/div><\/div><\/div>\n\t\t\t\t\t\t\t<\/div>\n\t\t\t\t\t\t\t\n\t\t\t\t\t\t<\/div><div class=\"site-skeleton\">\n\t\t\t\t\t\t\t\t<div class=\"content col-2\"><div id='gallery-1' class='gallery galleryid-193 gallery-columns-1 gallery-size-medium'><figure class='gallery-item'>\n\t\t\t<div class='gallery-icon landscape'>\n\t\t\t\t<a href='https:\/\/haus-valentine.at\/wp-content\/uploads\/2017\/01\/PRIZEMLJE-slika-2-HRVATSKI.jpg'><img width=\"300\" height=\"212\" src=\"https:\/\/haus-valentine.at\/wp-content\/uploads\/2017\/01\/PRIZEMLJE-slika-2-HRVATSKI-300x212.jpg\" class=\"attachment-medium size-medium\" alt=\"\" loading=\"lazy\" srcset=\"https:\/\/haus-valentine.at\/wp-content\/uploads\/2017\/01\/PRIZEMLJE-slika-2-HRVATSKI-300x212.jpg 300w, https:\/\/haus-valentine.at\/wp-content\/uploads\/2017\/01\/PRIZEMLJE-slika-2-HRVATSKI-768x543.jpg 768w, https:\/\/haus-valentine.at\/wp-content\/uploads\/2017\/01\/PRIZEMLJE-slika-2-HRVATSKI-1024x724.jpg 1024w, https:\/\/haus-valentine.at\/wp-content\/uploads\/2017\/01\/PRIZEMLJE-slika-2-HRVATSKI.jpg 2048w\" sizes=\"(max-width: 300px) 100vw, 300px\" \/><\/a>\n\t\t\t<\/div><\/figure>\n\t\t<\/div>\n\n<\/div><div class=\"specifications col-2\"><ul>\n<li><strong>108 m\u00b2<\/strong><\/li>\n<li><strong>Otvoren kuhinjski dio sa najmodernije opremljenom kuhinjom (aparat za kavu Dolce Gusto, aparat za fiter kavu, toster, kuhalo za vodu, mikser i dr.), blagovaonicom i dnevnim boravkom sa mogu\u0107no\u0161\u0107u spavanja<\/strong><\/li>\n<li><strong>Dvije spava\u0107e sobe (svaka spava\u0107a soba ima krevet za dvije osobe, TV i prostranu kupaonicu), su\u0161ilo za kosu<\/strong><\/li>\n<li><strong>Apartman je opremljen sa saunom i unutra\u0161njim jacuzzijem<\/strong><\/li>\n<li><strong>Soba za skije (sa grija\u010dima za skija\u0161ke cipele)<\/strong><\/li>\n<li><strong>Terasa<\/strong><\/li>\n<li><strong>Besplatan W-LAN<\/strong><\/li>\n<\/ul>\n<p>Mogu\u0107nost kori\u0161tenja:<\/p>\n<ul>\n<li>Dje\u010dji kreveti\u0107 sa posteljinom, stolica za hranjenje djece i dje\u010dji pribor za jelo<\/li>\n<\/ul>\n<\/div>\n\t\t\t\t\t\t\t\t<\/div><p class=\"text-align-center\"><a class=\"button\" href=\"https:\/\/haus-valentine.at\/hr\/kontakt\/\" title=\"Kontaktirajte nas\">Kontaktirajte nas<\/a><\/p><\/section><section class=\"apartment-item expanded apartment-238\">\n\t\t\t\t\t\t<div class=\"content intro-paragraph site-skeleton\">\n\t\t\t\t\t\t\t<h1><strong>Luksuzni apartman tip B (6 + 2)<\/strong><\/h1>\r\n\n\t\t\t\t\t\t<\/div>\n\t\t\t\t\t\t<div class=\"page-break gallery\">\n\n\t\t\t\t\t\t\t<div class=\"page-break-image-container\">\n\t\t\t\t\t\t\t\t<img class=\"page-break-image\" src=\"https:\/\/haus-valentine.at\/wp-content\/themes\/hausvalentine\/images\/flachau_2.jpg\" alt=\"flachau background\">\n\t\t\t\t\t\t\t<\/div>\n\t\t\t\t\t\t\t\n\t\t\t\t\t\t\t<div class=\"page-break-content text-align-center\">\n\t\t\t\t\t\t\t\t<div data-instance-number=\"2\" \n\t\t\t\t\tclass=\"image-gallery  slider\" id=\"hausvalentine-gallery-2\" style=\"overflow:hidden;max-height:1024px\"><div class=\"image-gallery-slides\"><div class=\"image-gallery-slide overlay\"><img class=\"image-gallery-slide-img\" src=\"https:\/\/haus-valentine.at\/wp-content\/uploads\/2016\/12\/DSC_2540-1024x683.jpg\" title=\"DSC_2540\" alt=\"\" name=\"dsc_2540-2\"><\/div><div class=\"image-gallery-slide overlay\"><img class=\"image-gallery-slide-img\" src=\"https:\/\/haus-valentine.at\/wp-content\/uploads\/2016\/12\/DSC_2587-683x1024.jpg\" title=\"DSC_2587\" alt=\"\" name=\"dsc_2587-2\"><\/div><div class=\"image-gallery-slide overlay\"><img class=\"image-gallery-slide-img\" src=\"https:\/\/haus-valentine.at\/wp-content\/uploads\/2016\/12\/DSC_2555-1024x684.jpg\" title=\"DSC_2555\" alt=\"\" name=\"dsc_2555-2\"><\/div><div class=\"image-gallery-slide overlay\"><img class=\"image-gallery-slide-img\" src=\"https:\/\/haus-valentine.at\/wp-content\/uploads\/2016\/12\/DSC_2572-Kopie1-1024x683.jpg\" title=\"DSC_2572 Kopie1\" alt=\"\" name=\"dsc_2572-kopie1-2\"><\/div><div class=\"image-gallery-slide overlay\"><img class=\"image-gallery-slide-img\" src=\"https:\/\/haus-valentine.at\/wp-content\/uploads\/2016\/12\/DSC_2559-1024x684.jpg\" title=\"DSC_2559\" alt=\"\" name=\"dsc_2559-2\"><\/div><div class=\"image-gallery-slide overlay\"><img class=\"image-gallery-slide-img\" src=\"https:\/\/haus-valentine.at\/wp-content\/uploads\/2016\/12\/DSC_2691-684x1024.jpg\" title=\"DSC_2691\" alt=\"\" name=\"dsc_2691-2\"><\/div><div class=\"image-gallery-slide overlay\"><img class=\"image-gallery-slide-img\" src=\"https:\/\/haus-valentine.at\/wp-content\/uploads\/2016\/12\/DSC_2679_mod-1024x683.jpg\" title=\"DSC_2679_mod\" alt=\"\" name=\"dsc_2679_mod-2\"><\/div><\/div><\/div>\n\t\t\t\t\t\t\t<\/div>\n\t\t\t\t\t\t\t\n\t\t\t\t\t\t<\/div><div class=\"site-skeleton\">\n\t\t\t\t\t\t\t\t<div class=\"content col-2\"><div id='gallery-2' class='gallery galleryid-193 gallery-columns-1 gallery-size-medium'><figure class='gallery-item'>\n\t\t\t<div class='gallery-icon landscape'>\n\t\t\t\t<a href='https:\/\/haus-valentine.at\/wp-content\/uploads\/2017\/01\/PRVI-KAT-slika-HRVATSKI.jpg'><img width=\"300\" height=\"212\" src=\"https:\/\/haus-valentine.at\/wp-content\/uploads\/2017\/01\/PRVI-KAT-slika-HRVATSKI-300x212.jpg\" class=\"attachment-medium size-medium\" alt=\"\" loading=\"lazy\" srcset=\"https:\/\/haus-valentine.at\/wp-content\/uploads\/2017\/01\/PRVI-KAT-slika-HRVATSKI-300x212.jpg 300w, https:\/\/haus-valentine.at\/wp-content\/uploads\/2017\/01\/PRVI-KAT-slika-HRVATSKI-768x543.jpg 768w, https:\/\/haus-valentine.at\/wp-content\/uploads\/2017\/01\/PRVI-KAT-slika-HRVATSKI-1024x724.jpg 1024w, https:\/\/haus-valentine.at\/wp-content\/uploads\/2017\/01\/PRVI-KAT-slika-HRVATSKI.jpg 2048w\" sizes=\"(max-width: 300px) 100vw, 300px\" \/><\/a>\n\t\t\t<\/div><\/figure>\n\t\t<\/div>\n\n<\/div><div class=\"specifications col-2\"><ul>\n<li><strong>132 m\u00b2<\/strong><\/li>\n<li><strong>Otvoren kuhinjski dio sa najmodernije opremljenom kuhinjom (aparat za kavu Dolce Gusto, aparat za fiter kavu, toster, kuhalo za vodu, mikser i dr.), blagovaonicom i dnevnim boravkom sa mogu\u0107no\u0161\u0107u spavanja za jednu osobu<\/strong><\/li>\n<li><strong>Kamin na drva<\/strong><\/li>\n<li><strong>Podno grijanje na prostoru cijelog apartmana<\/strong><\/li>\n<li><strong>Tri spava\u0107e sobe (svaka spava\u0107a soba ima krevet za dvije osobe, TV i prostranu kupaonicu;jedna spava\u0107a soba ima pomo\u0107ni le\u017eaj), su\u0161ilo za kosu<\/strong><\/li>\n<li><strong>Apartman je opremljen sa saunom i unutra\u0161njim jacuzzijem<\/strong><\/li>\n<li><strong>Soba za skije (sa grija\u010dima za skija\u0161ke cipele)<\/strong><\/li>\n<li><strong>Terasa<\/strong><\/li>\n<li><strong>Besplatan W-LAN<\/strong><\/li>\n<\/ul>\n<p>Mogu\u0107nost kori\u0161tenja:<\/p>\n<ul>\n<li>Dje\u010dji kreveti\u0107 sa posteljinom, stolica za hranjenje djece i dje\u010dji pribor za jelo<\/li>\n<\/ul>\n<\/div>\n\t\t\t\t\t\t\t\t<\/div><p class=\"text-align-center\"><a class=\"button\" href=\"https:\/\/haus-valentine.at\/hr\/kontakt\/\" title=\"Kontaktirajte nas\">Kontaktirajte nas<\/a><\/p><\/section><\/div><div class=\"site-skeleton\">\n","protected":false},"excerpt":{"rendered":"<p>Apartmani Apartmani su novoizgra\u0111eni i luksuzno opremljeni kako bi Vam omogu\u0107ili ugodan boravak koji \u0107e zasigurno ostvariti sve Va\u0161e \u017eelje o odmoru iz snova.<\/p>\n","protected":false},"author":1,"featured_media":0,"parent":0,"menu_order":0,"comment_status":"closed","ping_status":"closed","template":"","meta":[],"yoast_head":"<!-- This site is optimized with the Yoast SEO plugin v16.2 - https:\/\/yoast.com\/wordpress\/plugins\/seo\/ -->\n<title>Apartmani - Haus Valentine<\/title>\n<meta name=\"robots\" content=\"index, follow, max-snippet:-1, max-image-preview:large, max-video-preview:-1\" \/>\n<link rel=\"canonical\" href=\"https:\/\/haus-valentine.at\/hr\/apartmani\/\" \/>\n<meta property=\"og:locale\" content=\"hr_HR\" \/>\n<meta property=\"og:type\" content=\"article\" \/>\n<meta property=\"og:title\" content=\"Apartmani - Haus Valentine\" \/>\n<meta property=\"og:description\" content=\"Apartmani Apartmani su novoizgra\u0111eni i luksuzno opremljeni kako bi Vam omogu\u0107ili ugodan boravak koji \u0107e zasigurno ostvariti sve Va\u0161e \u017eelje o odmoru iz snova.\" \/>\n<meta property=\"og:url\" content=\"https:\/\/haus-valentine.at\/hr\/apartmani\/\" \/>\n<meta property=\"og:site_name\" content=\"Haus Valentine\" \/>\n<meta property=\"article:publisher\" content=\"https:\/\/www.facebook.com\/HausVilla-Valentine-1215112448569770\" \/>\n<meta property=\"article:modified_time\" content=\"2017-01-05T08:18:28+00:00\" \/>\n<meta name=\"twitter:card\" content=\"summary\" \/>\n<script type=\"application\/ld+json\" class=\"yoast-schema-graph\">{\"@context\":\"https:\/\/schema.org\",\"@graph\":[{\"@type\":\"WebSite\",\"@id\":\"https:\/\/haus-valentine.at\/#website\",\"url\":\"https:\/\/haus-valentine.at\/\",\"name\":\"Haus Valentine\",\"description\":\"Haus Valentine Apartments\",\"potentialAction\":[{\"@type\":\"SearchAction\",\"target\":\"https:\/\/haus-valentine.at\/?s={search_term_string}\",\"query-input\":\"required name=search_term_string\"}],\"inLanguage\":\"hr\"},{\"@type\":\"WebPage\",\"@id\":\"https:\/\/haus-valentine.at\/hr\/apartmani\/#webpage\",\"url\":\"https:\/\/haus-valentine.at\/hr\/apartmani\/\",\"name\":\"Apartmani - Haus Valentine\",\"isPartOf\":{\"@id\":\"https:\/\/haus-valentine.at\/#website\"},\"datePublished\":\"2017-01-05T08:04:44+00:00\",\"dateModified\":\"2017-01-05T08:18:28+00:00\",\"breadcrumb\":{\"@id\":\"https:\/\/haus-valentine.at\/hr\/apartmani\/#breadcrumb\"},\"inLanguage\":\"hr\",\"potentialAction\":[{\"@type\":\"ReadAction\",\"target\":[\"https:\/\/haus-valentine.at\/hr\/apartmani\/\"]}]},{\"@type\":\"BreadcrumbList\",\"@id\":\"https:\/\/haus-valentine.at\/hr\/apartmani\/#breadcrumb\",\"itemListElement\":[{\"@type\":\"ListItem\",\"position\":1,\"item\":{\"@type\":\"WebPage\",\"@id\":\"https:\/\/haus-valentine.at\/hr\/\",\"url\":\"https:\/\/haus-valentine.at\/hr\/\",\"name\":\"Home\"}},{\"@type\":\"ListItem\",\"position\":2,\"item\":{\"@id\":\"https:\/\/haus-valentine.at\/hr\/apartmani\/#webpage\"}}]}]}<\/script>\n<!-- \/ Yoast SEO plugin. -->","_links":{"self":[{"href":"https:\/\/haus-valentine.at\/hr\/wp-json\/wp\/v2\/pages\/193"}],"collection":[{"href":"https:\/\/haus-valentine.at\/hr\/wp-json\/wp\/v2\/pages"}],"about":[{"href":"https:\/\/haus-valentine.at\/hr\/wp-json\/wp\/v2\/types\/page"}],"author":[{"embeddable":true,"href":"https:\/\/haus-valentine.at\/hr\/wp-json\/wp\/v2\/users\/1"}],"replies":[{"embeddable":true,"href":"https:\/\/haus-valentine.at\/hr\/wp-json\/wp\/v2\/comments?post=193"}],"version-history":[{"count":1,"href":"https:\/\/haus-valentine.at\/hr\/wp-json\/wp\/v2\/pages\/193\/revisions"}],"predecessor-version":[{"id":194,"href":"https:\/\/haus-valentine.at\/hr\/wp-json\/wp\/v2\/pages\/193\/revisions\/194"}],"wp:attachment":[{"href":"https:\/\/haus-valentine.at\/hr\/wp-json\/wp\/v2\/media?parent=193"}],"curies":[{"name":"wp","href":"https:\/\/api.w.org\/{rel}","templated":true}]}}